{"id":432,"date":"2015-07-28T20:11:20","date_gmt":"2015-07-28T20:11:20","guid":{"rendered":"http:\/\/voigtguitars.de\/?page_id=182"},"modified":"2026-01-05T14:34:53","modified_gmt":"2026-01-05T13:34:53","slug":"kontakt-offnungszeiten","status":"publish","type":"page","link":"https:\/\/voigtguitars.de\/?page_id=432","title":{"rendered":"Kontakt &#038; \u00d6ffnungszeiten"},"content":{"rendered":"<h2>Kontakt<\/h2>\n<p>Gr\u00e4festr. 13 E<br \/>\n04129 Leipzig<\/p>\n<p>phone: <a href=\"tel:4915736894778\">+49 1573 6894778<\/a><\/p>\n<p>Email: <a href=\"mailto:Voigtguitars1@gmail.com\">voigtguitars1@gmail.com<\/a><\/p>\n<h2>\u00d6ffnungszeiten<\/h2>\n<p>\u00d6ffnungszeiten sind:<br \/>\nMittwoch und Freitag von 10 bis 12 &amp; 13 bis 18 Uhr<\/p>\n<h3><strong><em>&nbsp;<\/em><\/strong><\/h3>\n","protected":false},"excerpt":{"rendered":"<p>Kontakt Gr\u00e4festr. 13 E 04129 Leipzig phone: +49 1573 6894778 Email: voigtguitars1@gmail.com \u00d6ffnungszeiten \u00d6ffnungszeiten sind: Mittwoch und Freitag von 10 bis 12 &amp; 13 bis 18 Uhr &nbsp;<\/p>\n","protected":false},"author":1,"featured_media":0,"parent":0,"menu_order":0,"comment_status":"closed","ping_status":"open","template":"","meta":{"ngg_post_thumbnail":0,"footnotes":""},"class_list":["post-432","page","type-page","status-publish","hentry"],"_links":{"self":[{"href":"https:\/\/voigtguitars.de\/index.php?rest_route=\/wp\/v2\/pages\/432","targetHints":{"allow":["GET"]}}],"collection":[{"href":"https:\/\/voigtguitars.de\/index.php?rest_route=\/wp\/v2\/pages"}],"about":[{"href":"https:\/\/voigtguitars.de\/index.php?rest_route=\/wp\/v2\/types\/page"}],"author":[{"embeddable":true,"href":"https:\/\/voigtguitars.de\/index.php?rest_route=\/wp\/v2\/users\/1"}],"replies":[{"embeddable":true,"href":"https:\/\/voigtguitars.de\/index.php?rest_route=%2Fwp%2Fv2%2Fcomments&post=432"}],"version-history":[{"count":11,"href":"https:\/\/voigtguitars.de\/index.php?rest_route=\/wp\/v2\/pages\/432\/revisions"}],"predecessor-version":[{"id":1233,"href":"https:\/\/voigtguitars.de\/index.php?rest_route=\/wp\/v2\/pages\/432\/revisions\/1233"}],"wp:attachment":[{"href":"https:\/\/voigtguitars.de\/index.php?rest_route=%2Fwp%2Fv2%2Fmedia&parent=432"}],"curies":[{"name":"wp","href":"https:\/\/api.w.org\/{rel}","templated":true}]}}